{"id":40,"date":"2023-01-09T21:55:21","date_gmt":"2023-01-09T20:55:21","guid":{"rendered":"https:\/\/finance-poradenstvi.cz\/?page_id=40"},"modified":"2023-01-09T21:55:21","modified_gmt":"2023-01-09T20:55:21","slug":"sekce-domovske-stranky","status":"publish","type":"page","link":"https:\/\/finance-poradenstvi.cz\/?page_id=40","title":{"rendered":"Sekce domovsk\u00e9 str\u00e1nky"},"content":{"rendered":"\n<p>Toto je p\u0159\u00edklad odd\u00edlu domovsk\u00e9 str\u00e1nky. Sekce v domovsk\u00e9 str\u00e1nce mohou obsahovat jakoukoli jinou str\u00e1nku ne\u017e samotnou domovskou str\u00e1nku, v\u010detn\u011b str\u00e1nky, kter\u00e1 zobrazuje va\u0161e nejnov\u011bj\u0161\u00ed p\u0159\u00edsp\u011bvky.<\/p>\n","protected":false},"excerpt":{"rendered":"<p>Toto je p\u0159\u00edklad odd\u00edlu domovsk\u00e9 str\u00e1nky. Sekce v domovsk\u00e9 str\u00e1nce mohou obsahovat jakoukoli jinou str\u00e1nku ne\u017e samotnou domovskou str\u00e1nku, v\u010detn\u011b str\u00e1nky, kter\u00e1 zobrazuje va\u0161e nejnov\u011bj\u0161\u00ed p\u0159\u00edsp\u011bvky.<\/p>\n","protected":false},"author":2,"featured_media":33,"parent":0,"menu_order":0,"comment_status":"closed","ping_status":"closed","template":"","meta":{"footnotes":""},"_links":{"self":[{"href":"https:\/\/finance-poradenstvi.cz\/index.php?rest_route=\/wp\/v2\/pages\/40"}],"collection":[{"href":"https:\/\/finance-poradenstvi.cz\/index.php?rest_route=\/wp\/v2\/pages"}],"about":[{"href":"https:\/\/finance-poradenstvi.cz\/index.php?rest_route=\/wp\/v2\/types\/page"}],"author":[{"embeddable":true,"href":"https:\/\/finance-poradenstvi.cz\/index.php?rest_route=\/wp\/v2\/users\/2"}],"replies":[{"embeddable":true,"href":"https:\/\/finance-poradenstvi.cz\/index.php?rest_route=%2Fwp%2Fv2%2Fcomments&post=40"}],"version-history":[{"count":1,"href":"https:\/\/finance-poradenstvi.cz\/index.php?rest_route=\/wp\/v2\/pages\/40\/revisions"}],"predecessor-version":[{"id":47,"href":"https:\/\/finance-poradenstvi.cz\/index.php?rest_route=\/wp\/v2\/pages\/40\/revisions\/47"}],"wp:featuredmedia":[{"embeddable":true,"href":"https:\/\/finance-poradenstvi.cz\/index.php?rest_route=\/wp\/v2\/media\/33"}],"wp:attachment":[{"href":"https:\/\/finance-poradenstvi.cz\/index.php?rest_route=%2Fwp%2Fv2%2Fmedia&parent=40"}],"curies":[{"name":"wp","href":"https:\/\/api.w.org\/{rel}","templated":true}]}}