{"id":37,"date":"2023-01-09T21:55:21","date_gmt":"2023-01-09T20:55:21","guid":{"rendered":"https:\/\/finance-poradenstvi.cz\/?page_id=37"},"modified":"2023-01-09T21:55:21","modified_gmt":"2023-01-09T20:55:21","slug":"o-nas","status":"publish","type":"page","link":"https:\/\/finance-poradenstvi.cz\/?page_id=37","title":{"rendered":"O n\u00e1s"},"content":{"rendered":"\n<p>Mo\u017en\u00e1 jste um\u011blec a r\u00e1d byste zde p\u0159edstavil sebe a svoji pr\u00e1ci nebo podnik\u00e1te a chcete popsat sv\u016fj obchodn\u00ed z\u00e1m\u011br.<\/p>\n","protected":false},"excerpt":{"rendered":"<p>Mo\u017en\u00e1 jste um\u011blec a r\u00e1d byste zde p\u0159edstavil sebe a svoji pr\u00e1ci nebo podnik\u00e1te a chcete popsat sv\u016fj obchodn\u00ed z\u00e1m\u011br.<\/p>\n","protected":false},"author":2,"featured_media":34,"parent":0,"menu_order":0,"comment_status":"closed","ping_status":"closed","template":"","meta":{"footnotes":""},"_links":{"self":[{"href":"https:\/\/finance-poradenstvi.cz\/index.php?rest_route=\/wp\/v2\/pages\/37"}],"collection":[{"href":"https:\/\/finance-poradenstvi.cz\/index.php?rest_route=\/wp\/v2\/pages"}],"about":[{"href":"https:\/\/finance-poradenstvi.cz\/index.php?rest_route=\/wp\/v2\/types\/page"}],"author":[{"embeddable":true,"href":"https:\/\/finance-poradenstvi.cz\/index.php?rest_route=\/wp\/v2\/users\/2"}],"replies":[{"embeddable":true,"href":"https:\/\/finance-poradenstvi.cz\/index.php?rest_route=%2Fwp%2Fv2%2Fcomments&post=37"}],"version-history":[{"count":1,"href":"https:\/\/finance-poradenstvi.cz\/index.php?rest_route=\/wp\/v2\/pages\/37\/revisions"}],"predecessor-version":[{"id":44,"href":"https:\/\/finance-poradenstvi.cz\/index.php?rest_route=\/wp\/v2\/pages\/37\/revisions\/44"}],"wp:featuredmedia":[{"embeddable":true,"href":"https:\/\/finance-poradenstvi.cz\/index.php?rest_route=\/wp\/v2\/media\/34"}],"wp:attachment":[{"href":"https:\/\/finance-poradenstvi.cz\/index.php?rest_route=%2Fwp%2Fv2%2Fmedia&parent=37"}],"curies":[{"name":"wp","href":"https:\/\/api.w.org\/{rel}","templated":true}]}}