{"id":36,"date":"2023-01-09T21:55:20","date_gmt":"2023-01-09T20:55:20","guid":{"rendered":"https:\/\/finance-poradenstvi.cz\/?page_id=36"},"modified":"2023-01-09T22:09:10","modified_gmt":"2023-01-09T21:09:10","slug":"domu","status":"publish","type":"page","link":"https:\/\/finance-poradenstvi.cz\/","title":{"rendered":""},"content":{"rendered":"\n<p><\/p>\n\n\n\n<p class=\"has-text-align-center\"><em>Po\u010d\u00edt\u00e1me, m\u011b\u0159\u00edme, doporu\u010dujeme, vy pak spr\u00e1vn\u011b \u0159\u00edd\u00edte\u2026.<\/em><\/p>\n\n\n<div class=\"wp-block-image\">\n<figure class=\"aligncenter size-full\"><img decoding=\"async\" loading=\"lazy\" width=\"214\" height=\"105\" src=\"https:\/\/finance-poradenstvi.cz\/wp-content\/uploads\/2023\/01\/image.png\" alt=\"\" class=\"wp-image-61\"\/><\/figure><\/div>\n\n\n<p><\/p>\n\n\n\n<p><strong>Podnikov\u00e9 finan\u010dn\u00ed a strategick\u00e9 poradenstv\u00ed<\/strong><\/p>\n\n\n\n<ul>\n<li>Finan\u010dn\u00ed anal\u00fdzy, propo\u010dty n\u00e1vratnosti<\/li>\n\n\n\n<li>Anal\u00fdzy podnikov\u00fdch proces\u016f<\/li>\n\n\n\n<li>Prov\u011brky hospoda\u0159en\u00ed<\/li>\n\n\n\n<li>Kontroln\u00ed \u010dinnost pro banky a akcion\u00e1\u0159e<\/li>\n\n\n\n<li>Projektov\u00e9 \u0159\u00edzen\u00ed<\/li>\n\n\n\n<li>Tvorba business pl\u00e1n\u016f<\/li>\n\n\n\n<li>P\u0159\u00edprava podklad\u016f pro znaleck\u00e9 posudky<\/li>\n\n\n\n<li>Pomoc p\u0159i zav\u00e1d\u011bn\u00ed controllingu<\/li>\n\n\n\n<li>Poradenstv\u00ed p\u0159i zav\u00e1d\u011bn\u00ed nov\u00fdch informa\u010dn\u00edch syst\u00e9m\u016f<\/li>\n\n\n\n<li>Poradenstv\u00ed p\u0159i f\u00faz\u00edch a akvizic\u00edch, post-akvizi\u010dn\u00ed servis<\/li>\n\n\n\n<li>Nez\u00e1visl\u00e9 posouzen\u00ed ocen\u011bn\u00ed spole\u010dnosti, p\u0159\u00edprava podklad\u016f pro znaleck\u00e9 posudky<\/li>\n\n\n\n<li>Posouzen\u00ed investi\u010dn\u00edch pl\u00e1n\u016f<\/li>\n\n\n\n<li>Poradenstv\u00ed p\u0159i \u0159\u00edzen\u00ed cash-flow<\/li>\n\n\n\n<li>Tr\u017en\u00ed odv\u011btvov\u00e9 anal\u00fdzy<\/li>\n\n\n\n<li>Pomoc p\u0159i zaji\u0161t\u011bn\u00ed bankovn\u00edho nebo nebankovn\u00edho financov\u00e1n\u00ed<\/li>\n\n\n\n<li>Pomoc p\u0159i spr\u00e1v\u011b a vym\u00e1h\u00e1n\u00ed pohled\u00e1vek<\/li>\n\n\n\n<li>Investi\u010dn\u00ed management<\/li>\n\n\n\n<li>Zpracov\u00e1n\u00ed Feasibility studie (studie proveditelnosti)<\/li>\n<\/ul>\n\n\n\n<p><\/p>\n\n\n\n<p><strong>Jak postupujeme<\/strong><\/p>\n\n\n\n<p>\u2460 Anal\u00fdza stavu \u2461 Anal\u00fdza dokumentace (pr\u00e1vn\u00ed, finan\u010dn\u00ed, \u00fa\u010detn\u00ed) \u2462 Zpracov\u00e1n\u00ed doporu\u010den\u00ed, finan\u010dn\u00edho nebo investi\u010dn\u00edho pl\u00e1nu \u2463 Zaji\u0161t\u011bn\u00ed realizace, spr\u00e1va a dohled nad pln\u011bn\u00edm pl\u00e1nu \u2464 Kontroln\u00ed \u010dinnost \u2465 Zp\u011btn\u00e9 vyhodnocen\u00ed pl\u00e1nu \u2466 Aktualizace a n\u00e1pravn\u00e1 opat\u0159en\u00ed<\/p>\n\n\n\n<p><strong>Cena za anal\u00fdzu, sestaven\u00ed pl\u00e1nu&nbsp;a navr\u017een\u00ed dal\u0161\u00edho postupu <\/strong>je individu\u00e1ln\u00ed a odv\u00edj\u00ed se od mno\u017estv\u00ed zpracov\u00e1van\u00fdch dokument\u016f a dat.<\/p>\n\n\n\n<p><\/p>\n\n\n\n<p><strong>Kdo jsou na\u0161i klienti:<\/strong><\/p>\n\n\n\n<ul>\n<li>Mal\u00e9 a st\u0159edn\u00ed obchodn\u00ed korporace<\/li>\n\n\n\n<li>Individu\u00e1ln\u00ed podnikatel\u00e9<\/li>\n<\/ul>\n\n\n\n<p><strong>S&nbsp;k\u00fdm spolupracujeme a tvo\u0159\u00edme projektov\u00e9 t\u00fdmy:<\/strong><\/p>\n\n\n\n<ul>\n<li>Pr\u00e1vn\u00ed kancel\u00e1\u0159e<\/li>\n\n\n\n<li>\u00da\u010detn\u00ed a da\u0148ov\u00ed poradci<\/li>\n\n\n\n<li>Znalci a znaleck\u00e9 \u00fastavy<\/li>\n\n\n\n<li>Dota\u010dn\u00ed poradci<\/li>\n<\/ul>\n","protected":false},"excerpt":{"rendered":"<p>Po\u010d\u00edt\u00e1me, m\u011b\u0159\u00edme, doporu\u010dujeme, vy pak spr\u00e1vn\u011b \u0159\u00edd\u00edte\u2026. Podnikov\u00e9 finan\u010dn\u00ed a strategick\u00e9 poradenstv\u00ed Jak postupujeme \u2460 Anal\u00fdza stavu \u2461 Anal\u00fdza dokumentace (pr\u00e1vn\u00ed, finan\u010dn\u00ed, \u00fa\u010detn\u00ed) \u2462 Zpracov\u00e1n\u00ed doporu\u010den\u00ed, finan\u010dn\u00edho nebo investi\u010dn\u00edho pl\u00e1nu &#8230;<\/p>\n","protected":false},"author":2,"featured_media":0,"parent":0,"menu_order":0,"comment_status":"closed","ping_status":"closed","template":"","meta":{"footnotes":""},"_links":{"self":[{"href":"https:\/\/finance-poradenstvi.cz\/index.php?rest_route=\/wp\/v2\/pages\/36"}],"collection":[{"href":"https:\/\/finance-poradenstvi.cz\/index.php?rest_route=\/wp\/v2\/pages"}],"about":[{"href":"https:\/\/finance-poradenstvi.cz\/index.php?rest_route=\/wp\/v2\/types\/page"}],"author":[{"embeddable":true,"href":"https:\/\/finance-poradenstvi.cz\/index.php?rest_route=\/wp\/v2\/users\/2"}],"replies":[{"embeddable":true,"href":"https:\/\/finance-poradenstvi.cz\/index.php?rest_route=%2Fwp%2Fv2%2Fcomments&post=36"}],"version-history":[{"count":3,"href":"https:\/\/finance-poradenstvi.cz\/index.php?rest_route=\/wp\/v2\/pages\/36\/revisions"}],"predecessor-version":[{"id":65,"href":"https:\/\/finance-poradenstvi.cz\/index.php?rest_route=\/wp\/v2\/pages\/36\/revisions\/65"}],"wp:attachment":[{"href":"https:\/\/finance-poradenstvi.cz\/index.php?rest_route=%2Fwp%2Fv2%2Fmedia&parent=36"}],"curies":[{"name":"wp","href":"https:\/\/api.w.org\/{rel}","templated":true}]}}